{"id":24,"date":"2025-06-11T10:12:55","date_gmt":"2025-06-11T08:12:55","guid":{"rendered":"https:\/\/sae202.mmi24f12.mmi-troyes.fr\/agence\/?page_id=24"},"modified":"2026-02-11T16:26:32","modified_gmt":"2026-02-11T15:26:32","slug":"membres","status":"publish","type":"page","link":"https:\/\/sae202.mmi24f12.mmi-troyes.fr\/agence\/membres\/","title":{"rendered":"Membres"},"content":{"rendered":"\n<h2 class=\"wp-block-heading\" id=\"lquipe-troyevents\">L\u2019\u00e9quipe Troy\u2019Events :<\/h2>\n\n\n\n<h2 class=\"wp-block-heading\">Cinq talents, une m\u00eame passion\u202f: cr\u00e9er l\u2019\u00e9v\u00e9nement autrement<\/h2>\n\n\n\n<p>Chez Troy\u2019Events, chaque projet est le fruit de la synergie entre cr\u00e9ativit\u00e9 et expertise technique. Notre \u00e9quipe de cinq membres allie imagination, ma\u00eetrise digitale et savoir-faire en d\u00e9veloppement pour donner vie \u00e0 des exp\u00e9riences immersives uniques.<\/p>\n\n\n\n<h2 class=\"wp-block-heading\">Nos cr\u00e9ateurs digitaux<\/h2>\n\n\n\n<div id=\"wp-block-themeisle-blocks-flip-c6b780b2\" class=\"wp-block-themeisle-blocks-flip anim flipX\"><div class=\"o-flip-inner\"><div class=\"o-flip-front\"><div class=\"o-flip-content\"><h3>Erwann Feret<\/h3><p><\/p><\/div><\/div><div class=\"o-flip-back\">\n<h3 class=\"wp-block-heading\"><\/h3>\n\n\n\n<p><\/p>\n\n\n\n<div class=\"wp-block-buttons is-content-justification-center is-layout-flex wp-container-core-buttons-is-layout-a89b3969 wp-block-buttons-is-layout-flex\">\n<div class=\"wp-block-button is-style-fill\"><a class=\"wp-block-button__link wp-element-button\" href=\"https:\/\/sae202.mmi24f12.mmi-troyes.fr\/agence\/membres\/erwann-feret\/\">Pr\u00e9sentation<\/a><\/div>\n<\/div>\n<\/div><\/div><\/div>\n\n\n\n<div id=\"wp-block-themeisle-blocks-flip-57468c48\" class=\"wp-block-themeisle-blocks-flip anim flipX\"><div class=\"o-flip-inner\"><div class=\"o-flip-front\"><div class=\"o-flip-content\"><h3>Ana Tatrishvili<\/h3><p><\/p><\/div><\/div><div class=\"o-flip-back\">\n<h3 class=\"wp-block-heading\"><\/h3>\n\n\n\n<p><\/p>\n\n\n\n<div class=\"wp-block-buttons is-content-justification-center is-layout-flex wp-container-core-buttons-is-layout-a89b3969 wp-block-buttons-is-layout-flex\">\n<div class=\"wp-block-button is-style-fill\"><a class=\"wp-block-button__link wp-element-button\" href=\"https:\/\/sae202.mmi24f12.mmi-troyes.fr\/agence\/membres\/ana-tatrishvili\/\">Pr\u00e9sentation<\/a><\/div>\n<\/div>\n<\/div><\/div><\/div>\n\n\n\n<h2 class=\"wp-block-heading\">Nos d\u00e9veloppeurs<\/h2>\n\n\n\n<div id=\"wp-block-themeisle-blocks-flip-2b5cbc67\" class=\"wp-block-themeisle-blocks-flip anim flipX\"><div class=\"o-flip-inner\"><div class=\"o-flip-front\"><div class=\"o-flip-content\"><h3>Klara Peuvot<\/h3><p><\/p><\/div><\/div><div class=\"o-flip-back\">\n<h3 class=\"wp-block-heading\"><\/h3>\n\n\n\n<p><\/p>\n\n\n\n<div class=\"wp-block-buttons is-content-justification-center is-layout-flex wp-container-core-buttons-is-layout-a89b3969 wp-block-buttons-is-layout-flex\">\n<div class=\"wp-block-button is-style-fill\"><a class=\"wp-block-button__link wp-element-button\" href=\"https:\/\/sae202.mmi24f12.mmi-troyes.fr\/agence\/membres\/klara-peuvot\/\">Pr\u00e9sentation<\/a><\/div>\n<\/div>\n<\/div><\/div><\/div>\n\n\n\n<div id=\"wp-block-themeisle-blocks-flip-d3ca38f1\" class=\"wp-block-themeisle-blocks-flip anim flipX\"><div class=\"o-flip-inner\"><div class=\"o-flip-front\"><div class=\"o-flip-content\"><h3>Rahman Turkmen<\/h3><p><\/p><\/div><\/div><div class=\"o-flip-back\">\n<h3 class=\"wp-block-heading\"><\/h3>\n\n\n\n<p><\/p>\n\n\n\n<div class=\"wp-block-buttons is-content-justification-center is-layout-flex wp-container-core-buttons-is-layout-a89b3969 wp-block-buttons-is-layout-flex\">\n<div class=\"wp-block-button is-style-fill\"><a class=\"wp-block-button__link wp-element-button\" href=\"https:\/\/sae202.mmi24f12.mmi-troyes.fr\/agence\/membres\/rahman-turkmen\/\">Pr\u00e9sentation<\/a><\/div>\n<\/div>\n<\/div><\/div><\/div>\n\n\n\n<div id=\"wp-block-themeisle-blocks-flip-d6968a60\" class=\"wp-block-themeisle-blocks-flip anim flipX\"><div class=\"o-flip-inner\"><div class=\"o-flip-front\"><div class=\"o-flip-content\"><h3>Emilie Richard<\/h3><p><\/p><\/div><\/div><div class=\"o-flip-back\">\n<h3 class=\"wp-block-heading\"><\/h3>\n\n\n\n<p><\/p>\n\n\n\n<div class=\"wp-block-buttons is-content-justification-center is-layout-flex wp-container-core-buttons-is-layout-a89b3969 wp-block-buttons-is-layout-flex\">\n<div class=\"wp-block-button is-style-fill\"><a class=\"wp-block-button__link wp-element-button\" href=\"https:\/\/sae202.mmi24f12.mmi-troyes.fr\/agence\/membres\/emilie-richard\/\">Pr\u00e9sentation<\/a><\/div>\n<\/div>\n<\/div><\/div><\/div>\n\n\n\n<hr class=\"wp-block-separator has-alpha-channel-opacity\"\/>\n\n\n\n<h2 class=\"wp-block-heading\">Une \u00e9quipe, une vision<\/h2>\n\n\n\n<p>Ensemble, nous faisons de chaque \u00e9v\u00e9nement une aventure digitale et humaine, o\u00f9 la technique sublime la cr\u00e9ativit\u00e9.<br>D\u00e9couvrez le parcours, les passions et les r\u00e9alisations de chacun en cliquant sur les noms dans le menu.<\/p>\n\n\n\n<p class=\"o-typing-fast has-medium-font-size\"><strong><o-anim-typing>Troy\u2019Events, l\u00e0 o\u00f9 vos id\u00e9es prennent vie.<\/o-anim-typing><\/strong><\/p>\n\n\n\n<p><\/p>\n","protected":false},"excerpt":{"rendered":"<p>L\u2019\u00e9quipe Troy\u2019Events : Cinq talents, une m\u00eame passion\u202f: cr\u00e9er l\u2019\u00e9v\u00e9nement autrement Chez Troy\u2019Events, chaque projet est le fruit de la synergie entre cr\u00e9ativit\u00e9 et expertise technique. Notre \u00e9quipe de cinq membres allie imagination, ma\u00eetrise digitale et savoir-faire en d\u00e9veloppement pour donner vie \u00e0 des exp\u00e9riences immersives uniques. Nos cr\u00e9ateurs digitaux Nos d\u00e9veloppeurs Une \u00e9quipe, une [&hellip;]<\/p>\n","protected":false},"author":1,"featured_media":0,"parent":0,"menu_order":0,"comment_status":"closed","ping_status":"closed","template":"","meta":{"_lmt_disableupdate":"","_lmt_disable":"","_themeisle_gutenberg_block_has_review":false,"_mc_calendar":[],"footnotes":""},"class_list":["post-24","page","type-page","status-publish","hentry"],"_links":{"self":[{"href":"https:\/\/sae202.mmi24f12.mmi-troyes.fr\/agence\/wp-json\/wp\/v2\/pages\/24","targetHints":{"allow":["GET"]}}],"collection":[{"href":"https:\/\/sae202.mmi24f12.mmi-troyes.fr\/agence\/wp-json\/wp\/v2\/pages"}],"about":[{"href":"https:\/\/sae202.mmi24f12.mmi-troyes.fr\/agence\/wp-json\/wp\/v2\/types\/page"}],"author":[{"embeddable":true,"href":"https:\/\/sae202.mmi24f12.mmi-troyes.fr\/agence\/wp-json\/wp\/v2\/users\/1"}],"replies":[{"embeddable":true,"href":"https:\/\/sae202.mmi24f12.mmi-troyes.fr\/agence\/wp-json\/wp\/v2\/comments?post=24"}],"version-history":[{"count":19,"href":"https:\/\/sae202.mmi24f12.mmi-troyes.fr\/agence\/wp-json\/wp\/v2\/pages\/24\/revisions"}],"predecessor-version":[{"id":288,"href":"https:\/\/sae202.mmi24f12.mmi-troyes.fr\/agence\/wp-json\/wp\/v2\/pages\/24\/revisions\/288"}],"wp:attachment":[{"href":"https:\/\/sae202.mmi24f12.mmi-troyes.fr\/agence\/wp-json\/wp\/v2\/media?parent=24"}],"curies":[{"name":"wp","href":"https:\/\/api.w.org\/{rel}","templated":true}]}}