{"id":31,"date":"2025-06-11T10:14:45","date_gmt":"2025-06-11T08:14:45","guid":{"rendered":"https:\/\/sae202.mmi24f12.mmi-troyes.fr\/agence\/?page_id=31"},"modified":"2025-06-25T08:25:35","modified_gmt":"2025-06-25T06:25:35","slug":"ana-tatrishvili","status":"publish","type":"page","link":"https:\/\/sae202.mmi24f12.mmi-troyes.fr\/agence\/membres\/ana-tatrishvili\/","title":{"rendered":"Ana Tatrishvili"},"content":{"rendered":"\n<figure class=\"wp-block-image size-full is-resized is-style-rounded animated fadeInUp\"><img fetchpriority=\"high\" decoding=\"async\" width=\"747\" height=\"747\" src=\"https:\/\/sae202.mmi24f12.mmi-troyes.fr\/agence\/wp-content\/uploads\/2025\/06\/3c38b1301718908075aaa39cd0672171c5_1080x1080.png\" alt=\"\" class=\"wp-image-375\" style=\"width:137px;height:auto\" srcset=\"https:\/\/sae202.mmi24f12.mmi-troyes.fr\/agence\/wp-content\/uploads\/2025\/06\/3c38b1301718908075aaa39cd0672171c5_1080x1080.png 747w, https:\/\/sae202.mmi24f12.mmi-troyes.fr\/agence\/wp-content\/uploads\/2025\/06\/3c38b1301718908075aaa39cd0672171c5_1080x1080-300x300.png 300w, https:\/\/sae202.mmi24f12.mmi-troyes.fr\/agence\/wp-content\/uploads\/2025\/06\/3c38b1301718908075aaa39cd0672171c5_1080x1080-150x150.png 150w\" sizes=\"(max-width: 747px) 100vw, 747px\" \/><\/figure>\n\n\n\n<p class=\"animated fadeInUp\">Chez <strong>Troy\u2019Events<\/strong>, je suis<strong> graphiste<\/strong>, responsable de l\u2019identit\u00e9 visuelle de notre groupe et de notre \u00e9v\u00e9nement.<strong> J\u2019ai cr\u00e9\u00e9 deux logos<\/strong> : l\u2019un pour incarner l\u2019image de l\u2019agence, l\u2019autre pour repr\u00e9senter l\u2019univers sp\u00e9cifique de notre Murder Party. Au d\u00e9but du projet, j\u2019ai particip\u00e9 activement \u00e0 la planification strat\u00e9gique. J\u2019ai <strong>travaill\u00e9 sur le benchmark<\/strong> avec mes coll\u00e8gues, ce qui m\u2019a permis d\u2019\u00e9tudier les tendances visuelles et narratives d\u2019\u00e9v\u00e9nements similaires afin de mieux comprendre les attentes de notre public cible.<br>Dans le cadre de ce processus, j\u2019ai \u00e9galement particip\u00e9 <strong>\u00e0 la d\u00e9finition des profils types, ou personae<\/strong>, ce qui a permis d\u2019orienter nos choix graphiques et de communication. J\u2019ai aussi propos\u00e9 l\u2019un des<strong> synopsis de l\u2019\u00e9v\u00e9nement, <\/strong>qui a ensuite \u00e9t\u00e9 revu et d\u00e9velopp\u00e9 collectivement par l\u2019\u00e9quipe. En parall\u00e8le, j\u2019ai collabor\u00e9 avec ma coll\u00e8gue graphiste pour d\u00e9finir la charte graphique globale et cr\u00e9er les pictogrammes utilis\u00e9s dans nos supports et interfaces.<\/p>\n\n\n\n<style>\n  table.custom-table {\n    width: 100%;\n    border-collapse: collapse;\n    font-family: Arial, sans-serif;\n  }\n\n  table.custom-table th,\n  table.custom-table td {\n    border: 1px solid #ccc;\n    padding: 12px;\n    vertical-align: top;\n    text-align: left;\n  }\n\n  table.custom-table th {\n    background-color: #f5f5f5;\n    font-weight: bold;\n  }\n\n  table.custom-table td {\n    background-color: #ffffff;\n  }\n<\/style>\n\n<table class=\"custom-table\">\n  <thead>\n    <tr>\n      <th>Semaine<\/th>\n      <th>Missions r\u00e9alis\u00e9es<\/th>\n    <\/tr>\n  <\/thead>\n  <tbody>\n    <tr>\n      <td>1<\/td>\n      <td>\n      R\u00e9daction du synopsis, travail sur le benchmark avec mes coll\u00e8gues cr\u00e9ation de la charte graphique, 2 logos et identit\u00e9 visuelle pour l&rsquo;\u00e9v\u00e9nement murder party.\n      <\/td>\n    <\/tr>\n    <tr>\n      <td> \n2  <\/td>\n      <td>\n       Cette semaine, j\u2019ai donn\u00e9 vie \u00e0 l\u2019identit\u00e9 visuelle cr\u00e9\u00e9e au d\u00e9but du projet en r\u00e9alisant plusieurs supports de communication importants pour notre \u00e9v\u00e9nement J\u2019ai con\u00e7u les maquettes de deux pages web (Concept et Messagerie), en veillant \u00e0 leur ergonomie, leur lisibilit\u00e9 et leur coh\u00e9rence avec notre univers graphique sombre et immersif. En parall\u00e8le, j\u2019ai d\u00e9clin\u00e9 cette identit\u00e9 sur diff\u00e9rents supports : une affiche A1 pour l\u2019affichage dans la rue, un flyer A5 plus narratif et informatif, et un visuel carr\u00e9 pour les r\u00e9seaux sociaux, con\u00e7u pour susciter l\u2019engagement. Chaque support a \u00e9t\u00e9 d\u00e9velopp\u00e9 en tenant compte des canaux de distribution, du public cible et des contraintes techniques (typographie, contraste, lisibilit\u00e9, format). J\u2019ai \u00e9galement particip\u00e9 \u00e0 la r\u00e9flexion sur le contenu textuel afin de maximiser l\u2019impact des accroches, en m\u2019inspirant du thriller. Enfin, j\u2019ai assur\u00e9 la coh\u00e9rence entre tous les supports et wireframes du site afin de renforcer la notori\u00e9t\u00e9 de l\u2019univers de The Sealed Mansion. J\u2019ai retravaill\u00e9 le logo de The Sealed Mansion, ajout\u00e9 de la texture et apport\u00e9 des modifications \u00e0 la charte graphique.\n      <\/td>\n    <\/tr>\n    <tr>\n      <td>3<\/td>\n      <td>\n       Pour cette troisi\u00e8me semaine, j\u2019ai d\u00e9cid\u00e9 de retravailler certaines r\u00e9alisations des semaines pr\u00e9c\u00e9dentes, dont je n\u2019\u00e9tais pas enti\u00e8rement satisfaite, afin d\u2019am\u00e9liorer le design graphique global de notre projet. J\u2019ai \u00e9galement cr\u00e9\u00e9 cinq Mockup pour promouvoir nos goodies, qui seront ajout\u00e9es sur notre site web.\nEn parall\u00e8le, j\u2019ai particip\u00e9 activement au tournage : j\u2019\u00e9tais l\u2019actrice principale, et toute la journ\u00e9e de lundi a \u00e9t\u00e9 enti\u00e8rement consacr\u00e9e \u00e0 cette \u00e9tape. J\u2019ai aussi aid\u00e9 mes coll\u00e8gues \u00e0 planifier les diff\u00e9rentes sc\u00e8nes et \u00e0 les mettre en place. Enfin, j\u2019ai contribu\u00e9 \u00e0 la pr\u00e9paration de la grande pr\u00e9sentation finale, notamment \u00e0 l\u2019\u00e9laboration du plan de communication.\n      <\/td>\n    <\/tr>\n  <\/tbody>\n<\/table>\n\n\n\n<p><\/p>\n\n\n\n<p><\/p>\n","protected":false},"excerpt":{"rendered":"<p>Chez Troy\u2019Events, je suis graphiste, responsable de l\u2019identit\u00e9 visuelle de notre groupe et de notre \u00e9v\u00e9nement. J\u2019ai cr\u00e9\u00e9 deux logos : l\u2019un pour incarner l\u2019image de l\u2019agence, l\u2019autre pour repr\u00e9senter l\u2019univers sp\u00e9cifique de notre Murder Party. Au d\u00e9but du projet, j\u2019ai particip\u00e9 activement \u00e0 la planification strat\u00e9gique. J\u2019ai travaill\u00e9 sur le benchmark avec mes coll\u00e8gues, [&hellip;]<\/p>\n","protected":false},"author":1,"featured_media":0,"parent":24,"menu_order":5,"comment_status":"closed","ping_status":"closed","template":"","meta":{"_lmt_disableupdate":"","_lmt_disable":"","_themeisle_gutenberg_block_has_review":false,"_mc_calendar":[],"footnotes":""},"class_list":["post-31","page","type-page","status-publish","hentry"],"_links":{"self":[{"href":"https:\/\/sae202.mmi24f12.mmi-troyes.fr\/agence\/wp-json\/wp\/v2\/pages\/31","targetHints":{"allow":["GET"]}}],"collection":[{"href":"https:\/\/sae202.mmi24f12.mmi-troyes.fr\/agence\/wp-json\/wp\/v2\/pages"}],"about":[{"href":"https:\/\/sae202.mmi24f12.mmi-troyes.fr\/agence\/wp-json\/wp\/v2\/types\/page"}],"author":[{"embeddable":true,"href":"https:\/\/sae202.mmi24f12.mmi-troyes.fr\/agence\/wp-json\/wp\/v2\/users\/1"}],"replies":[{"embeddable":true,"href":"https:\/\/sae202.mmi24f12.mmi-troyes.fr\/agence\/wp-json\/wp\/v2\/comments?post=31"}],"version-history":[{"count":14,"href":"https:\/\/sae202.mmi24f12.mmi-troyes.fr\/agence\/wp-json\/wp\/v2\/pages\/31\/revisions"}],"predecessor-version":[{"id":381,"href":"https:\/\/sae202.mmi24f12.mmi-troyes.fr\/agence\/wp-json\/wp\/v2\/pages\/31\/revisions\/381"}],"up":[{"embeddable":true,"href":"https:\/\/sae202.mmi24f12.mmi-troyes.fr\/agence\/wp-json\/wp\/v2\/pages\/24"}],"wp:attachment":[{"href":"https:\/\/sae202.mmi24f12.mmi-troyes.fr\/agence\/wp-json\/wp\/v2\/media?parent=31"}],"curies":[{"name":"wp","href":"https:\/\/api.w.org\/{rel}","templated":true}]}}