{"id":34,"date":"2025-06-11T10:15:00","date_gmt":"2025-06-11T08:15:00","guid":{"rendered":"https:\/\/sae202.mmi24f12.mmi-troyes.fr\/agence\/?page_id=34"},"modified":"2025-06-24T14:36:04","modified_gmt":"2025-06-24T12:36:04","slug":"emilie-richard","status":"publish","type":"page","link":"https:\/\/sae202.mmi24f12.mmi-troyes.fr\/agence\/membres\/emilie-richard\/","title":{"rendered":"Emilie Richard"},"content":{"rendered":"\n<h2 class=\"wp-block-heading\">\ud83d\ude0a <mark style=\"background-color:rgba(0, 0, 0, 0);color:#fcb900\" class=\"has-inline-color\">Pr\u00e9sentation<\/mark><\/h2>\n\n\n\n<p>Bonjour ! Je suis Emilie Richard, <strong>en charge du d\u00e9veloppement front et d&rsquo;une partie de la communication <\/strong> chez Troy&rsquo;Events.<br><br>Mon r\u00f4le dans l&rsquo;agence consiste en l&rsquo;<strong>assistance<\/strong> de mes coll\u00e8gues dans la <strong>d\u00e9marche marketing<\/strong>, la <strong>r\u00e9daction de l&rsquo;\u00e9v\u00e9nement, la cr\u00e9ation des maquettes pour diff\u00e9rentes pages du site<\/strong> et une partie de la r\u00e9daction de <strong>contenu pour les pages des sites web<\/strong>, notamment celui de notre premi\u00e8re Murder Party. J&rsquo;interviens \u00e9galement dans <strong>l&rsquo;int\u00e9gration du site de l&rsquo;\u00e9v\u00e9nement<\/strong> \u00ab\u00a0<mark style=\"background-color:rgba(0, 0, 0, 0);color:#cf2e2e\" class=\"has-inline-color\">the Sealed Mansion<\/mark>\u00a0\u00bb !<\/p>\n\n\n\n<hr class=\"wp-block-separator has-alpha-channel-opacity\"\/>\n\n\n\n<h2 class=\"wp-block-heading\"><mark style=\"background-color:rgba(0, 0, 0, 0);color:#fcb900\" class=\"has-inline-color\">Semaine apr\u00e8s semaine<\/mark><\/h2>\n\n\n\n<figure class=\"wp-block-table aligncenter is-style-regular\"><table class=\"has-fixed-layout\"><thead><tr><th class=\"has-text-align-center\" data-align=\"center\">Semaine<\/th><th class=\"has-text-align-center\" data-align=\"center\">Missions r\u00e9alis\u00e9es<\/th><\/tr><\/thead><tbody><tr><td class=\"has-text-align-center\" data-align=\"center\"><mark style=\"background-color:rgba(0, 0, 0, 0);color:#fcb900\" class=\"has-inline-color\">1<\/mark><\/td><td class=\"has-text-align-center\" data-align=\"center\">&#8211; <strong>Analyse marketing<\/strong> des concurrents directs, r\u00e9flexion au sc\u00e9nario de l&rsquo;\u00e9v\u00e9nement et \u00e0 son contexte.<br>&#8211; <strong>Assistance aux sketchs<\/strong> de logo, \u00e9criture des sc\u00e9narios persona,<strong> Assistance<\/strong> \u00e0 la pr\u00e9paration du document marketing.<br>&#8211; <strong>Cr\u00e9ation de la base de donn\u00e9es<\/strong> \u00ab\u00a0agence\u00a0\u00bb.<br><br>Cette semaine a \u00e9t\u00e9 assez difficile pour moi : j&rsquo;ai alors d\u00e9cid\u00e9 <strong>d&rsquo;aider mes coll\u00e8gues<\/strong> le plus possible.<\/td><\/tr><tr><td class=\"has-text-align-center\" data-align=\"center\"><mark style=\"background-color:rgba(0, 0, 0, 0);color:#fcb900\" class=\"has-inline-color\">2<\/mark><\/td><td class=\"has-text-align-center\" data-align=\"center\">&#8211; R\u00e9alisation des <strong>maquettes <\/strong>pour la page d&rsquo;accueil, de formulaire d&rsquo;inscription et d&rsquo;infos pratiques.<br>&#8211; <strong>Int\u00e9gration des pages<\/strong> : infos pratiques, inscription, connexion, profil, et commentaire. D\u00e9but d&rsquo;int\u00e9gration, en local, de la page concept.<br>&#8211; <strong>Rep\u00e9rage des lieux de tournage <\/strong>avec Erwann, r\u00e9servation du mat\u00e9riel.<br><br>Une grande avanc\u00e9e a \u00e9t\u00e9 effectu\u00e9e cette semaine : je suis <strong>beaucoup intervenue sur la cr\u00e9ation num\u00e9rique et l&rsquo;int\u00e9gration du projet<\/strong>. J&rsquo;ai par-ailleurs <strong>\u00e9chang\u00e9 mon r\u00f4le avec celui de Rahman<\/strong>, o\u00f9 je suis d\u00e9sormais d\u00e9veloppeur front-end.<br><\/td><\/tr><tr><td class=\"has-text-align-center\" data-align=\"center\"><mark style=\"background-color:rgba(0, 0, 0, 0);color:#fcb900\" class=\"has-inline-color\">3<\/mark><\/td><td class=\"has-text-align-center\" data-align=\"center\">&#8211; Int\u00e9gration du reste du site, hormis les pages accueil et billetterie.<br>&#8211; Aide au tournage du teaser vid\u00e9o : enregistrement de certains plans, set-up, pr\u00e9parations&#8230;<br>&#8211; Pr\u00e9paration de l&rsquo;oral final avec les autres membres de l&rsquo;agence<br><br>Ces 3 jours ont \u00e9t\u00e9 tr\u00e8s rapides avec le tournage, la fin du site de l&rsquo;\u00e9v\u00e9nement et l&rsquo;oral final.<\/td><\/tr><\/tbody><\/table><\/figure>\n\n\n\n<p><\/p>\n","protected":false},"excerpt":{"rendered":"<p>\ud83d\ude0a Pr\u00e9sentation Bonjour ! Je suis Emilie Richard, en charge du d\u00e9veloppement front et d&rsquo;une partie de la communication chez Troy&rsquo;Events. Mon r\u00f4le dans l&rsquo;agence consiste en l&rsquo;assistance de mes coll\u00e8gues dans la d\u00e9marche marketing, la r\u00e9daction de l&rsquo;\u00e9v\u00e9nement, la cr\u00e9ation des maquettes pour diff\u00e9rentes pages du site et une partie de la r\u00e9daction de [&hellip;]<\/p>\n","protected":false},"author":1,"featured_media":0,"parent":24,"menu_order":1,"comment_status":"closed","ping_status":"closed","template":"","meta":{"_lmt_disableupdate":"","_lmt_disable":"","_themeisle_gutenberg_block_has_review":false,"_mc_calendar":[],"footnotes":""},"class_list":["post-34","page","type-page","status-publish","hentry"],"_links":{"self":[{"href":"https:\/\/sae202.mmi24f12.mmi-troyes.fr\/agence\/wp-json\/wp\/v2\/pages\/34","targetHints":{"allow":["GET"]}}],"collection":[{"href":"https:\/\/sae202.mmi24f12.mmi-troyes.fr\/agence\/wp-json\/wp\/v2\/pages"}],"about":[{"href":"https:\/\/sae202.mmi24f12.mmi-troyes.fr\/agence\/wp-json\/wp\/v2\/types\/page"}],"author":[{"embeddable":true,"href":"https:\/\/sae202.mmi24f12.mmi-troyes.fr\/agence\/wp-json\/wp\/v2\/users\/1"}],"replies":[{"embeddable":true,"href":"https:\/\/sae202.mmi24f12.mmi-troyes.fr\/agence\/wp-json\/wp\/v2\/comments?post=34"}],"version-history":[{"count":9,"href":"https:\/\/sae202.mmi24f12.mmi-troyes.fr\/agence\/wp-json\/wp\/v2\/pages\/34\/revisions"}],"predecessor-version":[{"id":369,"href":"https:\/\/sae202.mmi24f12.mmi-troyes.fr\/agence\/wp-json\/wp\/v2\/pages\/34\/revisions\/369"}],"up":[{"embeddable":true,"href":"https:\/\/sae202.mmi24f12.mmi-troyes.fr\/agence\/wp-json\/wp\/v2\/pages\/24"}],"wp:attachment":[{"href":"https:\/\/sae202.mmi24f12.mmi-troyes.fr\/agence\/wp-json\/wp\/v2\/media?parent=34"}],"curies":[{"name":"wp","href":"https:\/\/api.w.org\/{rel}","templated":true}]}}