{"id":37,"date":"2025-06-11T10:15:12","date_gmt":"2025-06-11T08:15:12","guid":{"rendered":"https:\/\/sae202.mmi24f12.mmi-troyes.fr\/agence\/?page_id=37"},"modified":"2025-06-25T08:13:38","modified_gmt":"2025-06-25T06:13:38","slug":"klara-peuvot","status":"publish","type":"page","link":"https:\/\/sae202.mmi24f12.mmi-troyes.fr\/agence\/membres\/klara-peuvot\/","title":{"rendered":"Klara Peuvot"},"content":{"rendered":"\n<figure class=\"wp-block-image size-full is-resized is-style-rounded animated fadeInTopRight\"><img fetchpriority=\"high\" decoding=\"async\" width=\"800\" height=\"800\" src=\"https:\/\/sae202.mmi24f12.mmi-troyes.fr\/agence\/wp-content\/uploads\/2025\/06\/Design-sans-titre-24.png\" alt=\"\" class=\"wp-image-153\" style=\"width:247px\" srcset=\"https:\/\/sae202.mmi24f12.mmi-troyes.fr\/agence\/wp-content\/uploads\/2025\/06\/Design-sans-titre-24.png 800w, https:\/\/sae202.mmi24f12.mmi-troyes.fr\/agence\/wp-content\/uploads\/2025\/06\/Design-sans-titre-24-300x300.png 300w, https:\/\/sae202.mmi24f12.mmi-troyes.fr\/agence\/wp-content\/uploads\/2025\/06\/Design-sans-titre-24-150x150.png 150w, https:\/\/sae202.mmi24f12.mmi-troyes.fr\/agence\/wp-content\/uploads\/2025\/06\/Design-sans-titre-24-768x768.png 768w\" sizes=\"(max-width: 800px) 100vw, 800px\" \/><\/figure>\n\n\n\n<h3 class=\"wp-block-heading animated fadeInUp\">Pr\u00e9sentation<\/h3>\n\n\n\n<p class=\"animated fadeInUp\">Je suis Klara Peuvot, en charge de la <strong>communication<\/strong> et du <strong>d\u00e9veloppement web<\/strong> de notre site \u00e9v\u00e9nementiel 100 % custom (sans CMS) pour une exp\u00e9rience en ligne aussi immersive que la Murder Party elle-m\u00eame.<\/p>\n\n\n\n<p class=\"animated fadeInUp\"><strong>C\u00f4t\u00e9 communication<\/strong> : je con\u00e7ois les supports marketing, r\u00e9dige les contenus, et coordonne notre strat\u00e9gie de communication. Je veille \u00e0 transmettre l\u2019ambiance unique de l\u2019\u00e9v\u00e9nement \u00e0 travers chaque mot et interaction.<\/p>\n\n\n\n<p class=\"animated fadeInUp\"><strong>C\u00f4t\u00e9 technique<\/strong> : je d\u00e9veloppe avec mes coll\u00e8gues un site \u00e9v\u00e9nementiel <strong>immersif, responsive et s\u00e9curis\u00e9<\/strong>, fid\u00e8le \u00e0 notre charte graphique.<\/p>\n\n\n\n<ul class=\"wp-block-list\">\n<li class=\"animated fadeInUp\"><strong>Front-end<\/strong> : cr\u00e9ation d\u2019une interface fluide et sensorielle pour plonger l\u2019utilisateur dans l\u2019univers de la Murder Party<\/li>\n\n\n\n<li class=\"animated fadeInUp\"><strong>Back-end<\/strong> : gestion serveur (VPS), base de donn\u00e9es, s\u00e9curisation des inscriptions et traitement des r\u00e9servations<\/li>\n<\/ul>\n\n\n\n<p class=\"animated fadeInUp\">Mon r\u00f4le est de garantir la <strong>coh\u00e9rence, l\u2019impact et la fluidit\u00e9<\/strong> de l\u2019exp\u00e9rience, du premier clic jusqu\u2019\u00e0 la derni\u00e8re \u00e9nigme.<\/p>\n\n\n\n<hr class=\"wp-block-separator has-alpha-channel-opacity\"\/>\n\n\n\n<h3 class=\"wp-block-heading animated fadeInUp\">Planning des missions r\u00e9alis\u00e9es<\/h3>\n\n\n\n<figure class=\"wp-block-table animated fadeInUp\"><table class=\"has-fixed-layout\"><thead><tr><th>Semaine<\/th><th>Missions r\u00e9alis\u00e9es<\/th><\/tr><\/thead><tbody><tr><td><strong>1<\/strong><\/td><td>&#8211; Organisation du travail et tri des \u00e9l\u00e9ments.<br>&#8211; R\u00e9flexion avec toute l&rsquo;\u00e9quipe sur th\u00e8me de l&rsquo;\u00e9v\u00e9nement ainsi que son d\u00e9roulement.<br>&#8211; Recherche et analyse comparative de concurrents pour le Benchmark concurrentiel au niveau local, national et international.<br>&#8211; D\u00e9duction du public cible et cr\u00e9ation de personae.<br>&#8211; Elaboration du Canvas de proposition de valeur.<br>&#8211; Mise en relation des \u00e9l\u00e9ments et cr\u00e9ation d&rsquo;une id\u00e9e pour la vid\u00e9o promotionnelle.<br>&#8211; Elaboration de la note d&rsquo;intention pour la vid\u00e9o promotionnelle<br>&#8211; modification de la palette de couleur du site agence avec mon coll\u00e8gue Rahman <\/td><\/tr><tr><td><strong>2<\/strong><\/td><td>&#8211; Elaboration du mix marketing 4P<br>&#8211; Calcul des d\u00e9penses et des marges pour r\u00e9diger le budget pr\u00e9visionnelle d\u00e9taill\u00e9.<br>&#8211; Cr\u00e9ation d&rsquo;un parcours client pour compl\u00e9ter le document.<br>&#8211; Mise en place de l&rsquo;espace Github pour le site de l&rsquo;\u00e9v\u00e9nement.<br>&#8211; D\u00e9veloppement et int\u00e9gration du footer.<br>&#8211; D\u00e9veloppement et int\u00e9gration du header en fonction de la connexion de l&rsquo;utilisateur et en fonction du statut d&rsquo;admin<br>&#8211; Modification et finalisation de la page infos pratiques (quelques petits points css)<br>&#8211; Commencement de l&rsquo;int\u00e9gration de la page d&rsquo;accueil du site de l&rsquo;\u00e9v\u00e9nement.<\/td><\/tr><tr><td><strong>3<\/strong><\/td><td>&#8211; Tournage de la vid\u00e9o promotionnelle<br>&#8211; Int\u00e9gration de la page d&rsquo;accueil du site de l&rsquo;\u00e9v\u00e9nement selon la maquette<br>&#8211; \u00c9laboration du plan de communication et du planning \u00e9ditorial<br>&#8211; Int\u00e9gration de la page billetterie<br>&#8211; mise en place de la connexion entre la page d&rsquo;accueil et la base de donn\u00e9e pour les avis<br>&#8211; fixation de bugs sur le site de l&rsquo;\u00e9v\u00e9nement<br>&#8211; int\u00e9gration d&rsquo;un pop up sur la page billetterie pour dire que l&rsquo;achat est dans le panier<br>&#8211; optimisation des images et remplacement de certaines images<br>&#8211; r\u00e9paration d&rsquo;erreur d&rsquo;int\u00e9gration sur le site de l&rsquo;\u00e9v\u00e9nement<br>&#8211; mise en place d&rsquo;un max-width sur certaines page ainsi que modification du responsive<\/td><\/tr><\/tbody><\/table><\/figure>\n\n\n\n<hr class=\"wp-block-separator has-alpha-channel-opacity\"\/>\n\n\n\n<p><\/p>\n","protected":false},"excerpt":{"rendered":"<p>Pr\u00e9sentation Je suis Klara Peuvot, en charge de la communication et du d\u00e9veloppement web de notre site \u00e9v\u00e9nementiel 100 % custom (sans CMS) pour une exp\u00e9rience en ligne aussi immersive que la Murder Party elle-m\u00eame. C\u00f4t\u00e9 communication : je con\u00e7ois les supports marketing, r\u00e9dige les contenus, et coordonne notre strat\u00e9gie de communication. Je veille \u00e0 [&hellip;]<\/p>\n","protected":false},"author":1,"featured_media":0,"parent":24,"menu_order":0,"comment_status":"closed","ping_status":"closed","template":"","meta":{"_lmt_disableupdate":"","_lmt_disable":"","_themeisle_gutenberg_block_has_review":false,"_mc_calendar":[],"footnotes":""},"class_list":["post-37","page","type-page","status-publish","hentry"],"_links":{"self":[{"href":"https:\/\/sae202.mmi24f12.mmi-troyes.fr\/agence\/wp-json\/wp\/v2\/pages\/37","targetHints":{"allow":["GET"]}}],"collection":[{"href":"https:\/\/sae202.mmi24f12.mmi-troyes.fr\/agence\/wp-json\/wp\/v2\/pages"}],"about":[{"href":"https:\/\/sae202.mmi24f12.mmi-troyes.fr\/agence\/wp-json\/wp\/v2\/types\/page"}],"author":[{"embeddable":true,"href":"https:\/\/sae202.mmi24f12.mmi-troyes.fr\/agence\/wp-json\/wp\/v2\/users\/1"}],"replies":[{"embeddable":true,"href":"https:\/\/sae202.mmi24f12.mmi-troyes.fr\/agence\/wp-json\/wp\/v2\/comments?post=37"}],"version-history":[{"count":16,"href":"https:\/\/sae202.mmi24f12.mmi-troyes.fr\/agence\/wp-json\/wp\/v2\/pages\/37\/revisions"}],"predecessor-version":[{"id":378,"href":"https:\/\/sae202.mmi24f12.mmi-troyes.fr\/agence\/wp-json\/wp\/v2\/pages\/37\/revisions\/378"}],"up":[{"embeddable":true,"href":"https:\/\/sae202.mmi24f12.mmi-troyes.fr\/agence\/wp-json\/wp\/v2\/pages\/24"}],"wp:attachment":[{"href":"https:\/\/sae202.mmi24f12.mmi-troyes.fr\/agence\/wp-json\/wp\/v2\/media?parent=37"}],"curies":[{"name":"wp","href":"https:\/\/api.w.org\/{rel}","templated":true}]}}