{"id":40,"date":"2025-06-11T10:16:23","date_gmt":"2025-06-11T08:16:23","guid":{"rendered":"https:\/\/sae202.mmi24f12.mmi-troyes.fr\/agence\/?page_id=40"},"modified":"2025-06-25T08:22:36","modified_gmt":"2025-06-25T06:22:36","slug":"erwann-feret","status":"publish","type":"page","link":"https:\/\/sae202.mmi24f12.mmi-troyes.fr\/agence\/membres\/erwann-feret\/","title":{"rendered":"Erwann Feret"},"content":{"rendered":"\n<figure class=\"wp-block-image size-full is-resized has-custom-border is-style-rounded animated jackInTheBox\" style=\"margin-right:0;margin-left:0\"><img fetchpriority=\"high\" decoding=\"async\" width=\"800\" height=\"800\" src=\"https:\/\/sae202.mmi24f12.mmi-troyes.fr\/agence\/wp-content\/uploads\/2025\/06\/linkedin.jpg\" alt=\"\" class=\"wp-image-253\" style=\"border-style:none;border-width:0px;width:192px;height:auto\" srcset=\"https:\/\/sae202.mmi24f12.mmi-troyes.fr\/agence\/wp-content\/uploads\/2025\/06\/linkedin.jpg 800w, https:\/\/sae202.mmi24f12.mmi-troyes.fr\/agence\/wp-content\/uploads\/2025\/06\/elementor\/thumbs\/linkedin-r78k4lt6o0jc6mjnirtzhxouoe5n2hzh177nydomuw.jpg 300w, https:\/\/sae202.mmi24f12.mmi-troyes.fr\/agence\/wp-content\/uploads\/2025\/06\/elementor\/thumbs\/linkedin-r78k4lt4u8cormb1wej8btfb4du72v5w7ibwq9yst8.jpg 150w, https:\/\/sae202.mmi24f12.mmi-troyes.fr\/agence\/wp-content\/uploads\/2025\/06\/linkedin-768x768.jpg 768w\" sizes=\"(max-width: 800px) 100vw, 800px\" \/><\/figure>\n\n\n\n<h2 class=\"wp-block-heading animated fadeInUp\">Pr\u00e9sentation<\/h2>\n\n\n\n<p class=\"animated fadeInUp\">Chez <b>Troy&rsquo;Events<\/b>, je suis <b>graphiste et monteur vid\u00e9o<\/b>, avec \u00e9galement la responsabilit\u00e9 du <b>sound design<\/b> de notre production. J\u2019ai con\u00e7u un logo pour notre \u00e9v\u00e9nement ainsi qu\u2019une s\u00e9rie de pictogrammes, en veillant \u00e0 leur coh\u00e9rence avec l\u2019identit\u00e9 visuelle que nous avons d\u00e9finie collectivement. En bin\u00f4me avec une autre graphiste, nous nous sommes r\u00e9parti les t\u00e2ches tout au long du projet, en fonction des besoins et des \u00e9tapes de production. J\u2019ai particip\u00e9 \u00e0 l\u2019\u00e9laboration de la <b>charte graphique globale<\/b> et contribu\u00e9 \u00e0 d\u00e9finir notre direction artistique, en lien avec l\u2019univers que nous souhaitions transmettre. J\u2019ai \u00e9galement \u00e9crit le <b>sc\u00e9nario de notre vid\u00e9o promotionnelle<\/b> et r\u00e9alis\u00e9 le <b>storyboard<\/b> sur <b>Figma<\/b>, ce qui m\u2019a permis de poser les bases visuelles et narratives du projet avant le tournage. L\u2019ensemble des <b>\u00e9l\u00e9ments graphiques<\/b> que j\u2019ai produits ont \u00e9t\u00e9 cr\u00e9\u00e9s sur <b>Illustrator<\/b>, dans une logique de clart\u00e9 et de lisibilit\u00e9 \u00e0 travers nos diff\u00e9rents supports.<\/p>\n\n\n\n<h2 class=\"wp-block-heading animated fadeInUp\">Semaine apr\u00e8s semaine<\/h2>\n\n\n\n<figure class=\"wp-block-table animated fadeInUp\"><table class=\"has-fixed-layout\"><tbody><tr><td>Semaine 1<\/td><td>&#8211; R\u00e9alisation du <strong>logo de l\u2019\u00e9v\u00e9nement<\/strong><br>&#8211; Cr\u00e9ation d\u2019une s\u00e9rie de <strong>pictogrammes<\/strong> (Illustrator)<br>&#8211; Contribution \u00e0 la <strong>charte graphique<\/strong><br>&#8211; Participation \u00e0 la d\u00e9finition de la <strong>direction artistique<\/strong><br>&#8211; \u00c9criture du <strong>sc\u00e9nario<\/strong><br>&#8211; Conception du <strong>storyboard<\/strong> (Figma)<br>&#8211; Pr\u00e9paration pour le <strong>montage vid\u00e9o<\/strong> \u00e0 venir<br>&#8211; Prise en charge du <strong>sound design<\/strong> \u00e0 venir<\/td><\/tr><tr><td>Semaine 2<\/td><td>&#8211; R\u00e9alisation d&rsquo;une <strong>affiche ext\u00e9rieur<\/strong><br>&#8211; R\u00e9alisation d&rsquo;un <strong>flyer<\/strong><br>&#8211; R\u00e9alisation de <strong>posts<\/strong> fictifs de <strong>r\u00e9seaux sociaux<\/strong><br>&#8211; R\u00e9alisation d&rsquo;une <strong>animatique<\/strong> \u00e0 partir du storyboard<br>&#8211; Poursuite dans la r\u00e9alisation du <strong>cahier de production<\/strong><br>&#8211; Recherche <strong>design sonore<\/strong><br>&#8211; D\u00e9marchage pour le <strong>lieu de tournage<\/strong> <\/td><\/tr><tr><td>Semaine 3<\/td><td>&#8211; Ing\u00e9nieur son pour la vid\u00e9o promotionnelle<br>&#8211; Montage de la vid\u00e9o <br>&#8211; assistance aux t\u00e2ches<\/td><\/tr><\/tbody><\/table><\/figure>\n\n\n\n<p><\/p>\n","protected":false},"excerpt":{"rendered":"<p>Pr\u00e9sentation Chez Troy&rsquo;Events, je suis graphiste et monteur vid\u00e9o, avec \u00e9galement la responsabilit\u00e9 du sound design de notre production. J\u2019ai con\u00e7u un logo pour notre \u00e9v\u00e9nement ainsi qu\u2019une s\u00e9rie de pictogrammes, en veillant \u00e0 leur coh\u00e9rence avec l\u2019identit\u00e9 visuelle que nous avons d\u00e9finie collectivement. En bin\u00f4me avec une autre graphiste, nous nous sommes r\u00e9parti les [&hellip;]<\/p>\n","protected":false},"author":1,"featured_media":0,"parent":24,"menu_order":0,"comment_status":"closed","ping_status":"closed","template":"","meta":{"_lmt_disableupdate":"","_lmt_disable":"","_themeisle_gutenberg_block_has_review":false,"_mc_calendar":[],"footnotes":""},"class_list":["post-40","page","type-page","status-publish","hentry"],"_links":{"self":[{"href":"https:\/\/sae202.mmi24f12.mmi-troyes.fr\/agence\/wp-json\/wp\/v2\/pages\/40","targetHints":{"allow":["GET"]}}],"collection":[{"href":"https:\/\/sae202.mmi24f12.mmi-troyes.fr\/agence\/wp-json\/wp\/v2\/pages"}],"about":[{"href":"https:\/\/sae202.mmi24f12.mmi-troyes.fr\/agence\/wp-json\/wp\/v2\/types\/page"}],"author":[{"embeddable":true,"href":"https:\/\/sae202.mmi24f12.mmi-troyes.fr\/agence\/wp-json\/wp\/v2\/users\/1"}],"replies":[{"embeddable":true,"href":"https:\/\/sae202.mmi24f12.mmi-troyes.fr\/agence\/wp-json\/wp\/v2\/comments?post=40"}],"version-history":[{"count":22,"href":"https:\/\/sae202.mmi24f12.mmi-troyes.fr\/agence\/wp-json\/wp\/v2\/pages\/40\/revisions"}],"predecessor-version":[{"id":380,"href":"https:\/\/sae202.mmi24f12.mmi-troyes.fr\/agence\/wp-json\/wp\/v2\/pages\/40\/revisions\/380"}],"up":[{"embeddable":true,"href":"https:\/\/sae202.mmi24f12.mmi-troyes.fr\/agence\/wp-json\/wp\/v2\/pages\/24"}],"wp:attachment":[{"href":"https:\/\/sae202.mmi24f12.mmi-troyes.fr\/agence\/wp-json\/wp\/v2\/media?parent=40"}],"curies":[{"name":"wp","href":"https:\/\/api.w.org\/{rel}","templated":true}]}}